{"id":90,"date":"2020-03-19T22:39:41","date_gmt":"2020-03-19T21:39:41","guid":{"rendered":"https:\/\/jerome-barreau-sculpteur.com\/?page_id=90"},"modified":"2022-02-07T09:11:58","modified_gmt":"2022-02-07T08:11:58","slug":"peintures-jerome-barreau-andernos-les-bains","status":"publish","type":"page","link":"https:\/\/jerome-barreau-sculpteur.com\/index.php\/peintures-jerome-barreau-andernos-les-bains\/","title":{"rendered":"Peintures"},"content":{"rendered":"\r\n<figure class=\"wp-block-pullquote is-style-default\">\r\n<blockquote class=\"has-text-color\" style=\"color: #184762;\">\r\n<p>&nbsp;<\/p>\r\n<p>Toute rencontre est une collision r\u00eav\u00e9e, id\u00e9alis\u00e9e, enchant\u00e9e<\/p>\r\n<p><cite>Myriam Charbit<\/cite><\/p>\r\n<\/blockquote>\r\n<p>&nbsp;<\/p>\r\n<blockquote class=\"has-text-color\" style=\"color: #184762;\">\r\n<p style=\"text-align: left;\">Nga\u00ef<\/p>\r\n<p style=\"text-align: left;\"><img decoding=\"async\" class=\"alignnone wp-image-454 lazyload\" data-src=\"https:\/\/jerome-barreau-sculpteur.com\/wp-content\/uploads\/2022\/02\/Ngai-300x300.jpg\" alt=\"\" width=\"1024\" height=\"1024\" data-srcset=\"https:\/\/jerome-barreau-sculpteur.com\/wp-content\/uploads\/2022\/02\/Ngai-300x300.jpg 300w, https:\/\/jerome-barreau-sculpteur.com\/wp-content\/uploads\/2022\/02\/Ngai-1024x1024.jpg 1024w, https:\/\/jerome-barreau-sculpteur.com\/wp-content\/uploads\/2022\/02\/Ngai-150x150.jpg 150w, https:\/\/jerome-barreau-sculpteur.com\/wp-content\/uploads\/2022\/02\/Ngai-768x768.jpg 768w, https:\/\/jerome-barreau-sculpteur.com\/wp-content\/uploads\/2022\/02\/Ngai-1536x1536.jpg 1536w, https:\/\/jerome-barreau-sculpteur.com\/wp-content\/uploads\/2022\/02\/Ngai-2048x2048.jpg 2048w, https:\/\/jerome-barreau-sculpteur.com\/wp-content\/uploads\/2022\/02\/Ngai-100x100.jpg 100w\" data-sizes=\"(max-width: 767px) 89vw, (max-width: 1000px) 54vw, (max-width: 1071px) 543px, 580px\" src=\"data:image\/svg+xml;base64,PHN2ZyB3aWR0aD0iMSIgaGVpZ2h0PSIxIiB4bWxucz0iaHR0cDovL3d3dy53My5vcmcvMjAwMC9zdmciPjwvc3ZnPg==\" style=\"--smush-placeholder-width: 1024px; --smush-placeholder-aspect-ratio: 1024\/1024;\" \/><span style=\"color: #333333; font-size: 1rem;\">Forces \u00c9gales \u00a9 J\u00e9r\u00f4me Barreau artiste<\/span><\/p>\r\n<p style=\"text-align: left;\">Acrylique 60 x 60 cm<\/p>\r\n<\/blockquote>\r\n<\/figure>\r\n\r\n\r\n<hr class=\"wp-block-separator\" \/>\r\n\r\n\r\n<div class=\"wp-block-spacer\" style=\"height: 59px;\" aria-hidden=\"true\">\u00a0<\/div>\r\n\r\n\r\n\r\n<p class=\"has-medium-font-size\">Forces \u00c9gales<\/p>\r\n\r\n\r\n\r\n<figure class=\"wp-block-image size-large\"><img decoding=\"async\" width=\"1024\" height=\"1024\" class=\"wp-image-268 lazyload\" data-src=\"https:\/\/jerome-barreau-sculpteur.com\/wp-content\/uploads\/2020\/03\/Forces-e\u0301gales-1024x1024.jpg\" alt=\"Peintures - Forces \u00e9gales - J\u00e9r\u00f4me Barreau \" data-srcset=\"https:\/\/jerome-barreau-sculpteur.com\/wp-content\/uploads\/2020\/03\/Forces-e\u0301gales-1024x1024.jpg 1024w, https:\/\/jerome-barreau-sculpteur.com\/wp-content\/uploads\/2020\/03\/Forces-e\u0301gales-300x300.jpg 300w, https:\/\/jerome-barreau-sculpteur.com\/wp-content\/uploads\/2020\/03\/Forces-e\u0301gales-150x150.jpg 150w, https:\/\/jerome-barreau-sculpteur.com\/wp-content\/uploads\/2020\/03\/Forces-e\u0301gales-768x767.jpg 768w, https:\/\/jerome-barreau-sculpteur.com\/wp-content\/uploads\/2020\/03\/Forces-e\u0301gales-1536x1536.jpg 1536w, https:\/\/jerome-barreau-sculpteur.com\/wp-content\/uploads\/2020\/03\/Forces-e\u0301gales-100x100.jpg 100w, https:\/\/jerome-barreau-sculpteur.com\/wp-content\/uploads\/2020\/03\/Forces-e\u0301gales.jpg 2048w\" data-sizes=\"(max-width: 767px) 89vw, (max-width: 1000px) 54vw, (max-width: 1071px) 543px, 580px\" src=\"data:image\/svg+xml;base64,PHN2ZyB3aWR0aD0iMSIgaGVpZ2h0PSIxIiB4bWxucz0iaHR0cDovL3d3dy53My5vcmcvMjAwMC9zdmciPjwvc3ZnPg==\" style=\"--smush-placeholder-width: 1024px; --smush-placeholder-aspect-ratio: 1024\/1024;\" \/>\r\n<figcaption>Forces \u00c9gales \u00a9 J\u00e9r\u00f4me Barreau artiste<\/figcaption>\r\n<\/figure>\r\n\r\n<p>&nbsp;<\/p>\r\n\r\n<p>Acrylique 70 x 70 cm &#8211; VENDU<\/p>\r\n\r\n\r\n\r\n<div class=\"wp-block-spacer\" style=\"height: 59px;\" aria-hidden=\"true\">\u00a0<\/div>\r\n\r\n\r\n<hr class=\"wp-block-separator\" \/>\r\n\r\n\r\n<div class=\"wp-block-spacer\" style=\"height: 59px;\" aria-hidden=\"true\">\u00a0<\/div>\r\n\r\n\r\n\r\n<p class=\"has-medium-font-size\">City<\/p>\r\n<p><img decoding=\"async\" class=\"alignnone  wp-image-266 lazyload\" data-src=\"https:\/\/jerome-barreau-sculpteur.com\/wp-content\/uploads\/2020\/03\/City-300x244.jpg\" alt=\"\" width=\"511\" height=\"416\" data-srcset=\"https:\/\/jerome-barreau-sculpteur.com\/wp-content\/uploads\/2020\/03\/City-300x244.jpg 300w, https:\/\/jerome-barreau-sculpteur.com\/wp-content\/uploads\/2020\/03\/City-1024x833.jpg 1024w, https:\/\/jerome-barreau-sculpteur.com\/wp-content\/uploads\/2020\/03\/City-768x624.jpg 768w, https:\/\/jerome-barreau-sculpteur.com\/wp-content\/uploads\/2020\/03\/City-1536x1249.jpg 1536w, https:\/\/jerome-barreau-sculpteur.com\/wp-content\/uploads\/2020\/03\/City.jpg 2048w\" data-sizes=\"(max-width: 511px) 100vw, 511px\" src=\"data:image\/svg+xml;base64,PHN2ZyB3aWR0aD0iMSIgaGVpZ2h0PSIxIiB4bWxucz0iaHR0cDovL3d3dy53My5vcmcvMjAwMC9zdmciPjwvc3ZnPg==\" style=\"--smush-placeholder-width: 511px; --smush-placeholder-aspect-ratio: 511\/416;\" \/><\/p>\r\n\r\n\r\n\r\n\r\n\r\n<p>Acrylique 100 x 80 cm &#8211; VENDU<\/p>\r\n\r\n\r\n\r\n<div class=\"wp-block-spacer\" style=\"height: 59px;\" aria-hidden=\"true\">\u00a0<\/div>\r\n\r\n\r\n<hr class=\"wp-block-separator\" \/>\r\n\r\n\r\n<div class=\"wp-block-spacer\" style=\"height: 66px;\" aria-hidden=\"true\">\u00a0<\/div>\r\n\r\n\r\n\r\n<p>6.0<\/p>\r\n\r\n\r\n\r\n<figure class=\"wp-block-image size-large\"><img decoding=\"async\" class=\"wp-image-130 lazyload\" data-src=\"https:\/\/jerome-barreau-sculpteur.com\/wp-content\/uploads\/2020\/03\/6.0.jpg\" alt=\"Peintures - 6.0 - J\u00e9r\u00f4me Barreau \" src=\"data:image\/svg+xml;base64,PHN2ZyB3aWR0aD0iMSIgaGVpZ2h0PSIxIiB4bWxucz0iaHR0cDovL3d3dy53My5vcmcvMjAwMC9zdmciPjwvc3ZnPg==\" style=\"--smush-placeholder-width: 797px; --smush-placeholder-aspect-ratio: 797\/800;\" \/>\r\n<figcaption>6.0 \u00a9 J\u00e9r\u00f4me Barreau artiste<\/figcaption>\r\n<\/figure>\r\n\r\n\r\n\r\n<p>Acrylique 100 x 100 cm &#8211; VENDU<\/p>\r\n\r\n\r\n\r\n<div class=\"wp-block-spacer\" style=\"height: 59px;\" aria-hidden=\"true\">\u00a0<\/div>\r\n\r\n\r\n<hr class=\"wp-block-separator\" \/>\r\n\r\n\r\n<div class=\"wp-block-spacer\" style=\"height: 59px;\" aria-hidden=\"true\">\u00a0<\/div>\r\n\r\n\r\n\r\n<p>Le pas-sage<\/p>\r\n<p><img decoding=\"async\" class=\"alignnone  wp-image-273 lazyload\" data-src=\"https:\/\/jerome-barreau-sculpteur.com\/wp-content\/uploads\/2020\/03\/Le-pas-sage-300x300.jpg\" alt=\"\" width=\"526\" height=\"526\" data-srcset=\"https:\/\/jerome-barreau-sculpteur.com\/wp-content\/uploads\/2020\/03\/Le-pas-sage-300x300.jpg 300w, https:\/\/jerome-barreau-sculpteur.com\/wp-content\/uploads\/2020\/03\/Le-pas-sage-150x150.jpg 150w, https:\/\/jerome-barreau-sculpteur.com\/wp-content\/uploads\/2020\/03\/Le-pas-sage-768x770.jpg 768w, https:\/\/jerome-barreau-sculpteur.com\/wp-content\/uploads\/2020\/03\/Le-pas-sage-1532x1536.jpg 1532w, https:\/\/jerome-barreau-sculpteur.com\/wp-content\/uploads\/2020\/03\/Le-pas-sage-100x100.jpg 100w\" data-sizes=\"(max-width: 526px) 100vw, 526px\" src=\"data:image\/svg+xml;base64,PHN2ZyB3aWR0aD0iMSIgaGVpZ2h0PSIxIiB4bWxucz0iaHR0cDovL3d3dy53My5vcmcvMjAwMC9zdmciPjwvc3ZnPg==\" style=\"--smush-placeholder-width: 526px; --smush-placeholder-aspect-ratio: 526\/526;\" \/><\/p>\r\n\r\n\r\n\r\n\r\n\r\n<p>Acrylique 80 x 80 cm &#8211; VENDU<\/p>\r\n\r\n\r\n\r\n<div class=\"wp-block-spacer\" style=\"height: 59px;\" aria-hidden=\"true\">\u00a0<\/div>\r\n\r\n\r\n<hr class=\"wp-block-separator\" \/>\r\n\r\n\r\n<div class=\"wp-block-spacer\" style=\"height: 59px;\" aria-hidden=\"true\">\u00a0<\/div>\r\n\r\n\r\n\r\n<p class=\"has-medium-font-size\">L.I.V.E 99<\/p>\r\n<p><img decoding=\"async\" class=\"alignnone  wp-image-272 lazyload\" data-src=\"https:\/\/jerome-barreau-sculpteur.com\/wp-content\/uploads\/2020\/03\/L.I.V.E-99--151x300.jpg\" alt=\"\" width=\"460\" height=\"914\" src=\"data:image\/svg+xml;base64,PHN2ZyB3aWR0aD0iMSIgaGVpZ2h0PSIxIiB4bWxucz0iaHR0cDovL3d3dy53My5vcmcvMjAwMC9zdmciPjwvc3ZnPg==\" style=\"--smush-placeholder-width: 460px; --smush-placeholder-aspect-ratio: 460\/914;\" \/><\/p>\r\n\r\n\r\n\r\n\r\n\r\n<p>Acrylique 50 x 100 cm &#8211; VENDU<\/p>\r\n\r\n\r\n\r\n<div class=\"wp-block-spacer\" style=\"height: 59px;\" aria-hidden=\"true\">\u00a0<\/div>\r\n\r\n\r\n<hr class=\"wp-block-separator\" \/>\r\n\r\n\r\n<div class=\"wp-block-spacer\" style=\"height: 59px;\" aria-hidden=\"true\">\u00a0<\/div>\r\n\r\n\r\n\r\n<p class=\"has-medium-font-size\">Jazz fusion<\/p>\r\n\r\n\r\n\r\n<figure class=\"wp-block-image size-large\"><img decoding=\"async\" class=\"wp-image-133 lazyload\" data-src=\"https:\/\/i2.wp.com\/jerome-barreau-sculpteur.com\/wp-content\/uploads\/2020\/03\/Jazz-Fusion-.jpg?fit=525%2C672&amp;ssl=1\" alt=\"Peintures - Jazz fusion - J\u00e9r\u00f4me Barreau \" src=\"data:image\/svg+xml;base64,PHN2ZyB3aWR0aD0iMSIgaGVpZ2h0PSIxIiB4bWxucz0iaHR0cDovL3d3dy53My5vcmcvMjAwMC9zdmciPjwvc3ZnPg==\" \/>\r\n<figcaption>Jazz fusion \u00a9 J\u00e9r\u00f4me Barreau artiste<\/figcaption>\r\n<\/figure>\r\n\r\n\r\n\r\n<p>Acrylique 60 x 80 cm<\/p>\r\n\r\n\r\n\r\n<div class=\"wp-block-spacer\" style=\"height: 59px;\" aria-hidden=\"true\">\u00a0<\/div>\r\n\r\n\r\n<hr class=\"wp-block-separator\" \/>\r\n\r\n\r\n<div class=\"wp-block-spacer\" style=\"height: 59px;\" aria-hidden=\"true\">\u00a0<\/div>\r\n\r\n\r\n\r\n<p class=\"has-medium-font-size\">Dossier<\/p>\r\n<p><img decoding=\"async\" class=\"alignnone  wp-image-267 lazyload\" data-src=\"https:\/\/jerome-barreau-sculpteur.com\/wp-content\/uploads\/2020\/03\/Dossier-147x300.jpg\" alt=\"\" width=\"440\" height=\"898\" src=\"data:image\/svg+xml;base64,PHN2ZyB3aWR0aD0iMSIgaGVpZ2h0PSIxIiB4bWxucz0iaHR0cDovL3d3dy53My5vcmcvMjAwMC9zdmciPjwvc3ZnPg==\" style=\"--smush-placeholder-width: 440px; --smush-placeholder-aspect-ratio: 440\/898;\" \/><\/p>\r\n\r\n\r\n\r\n\r\n\r\n<p>Acrylique 100 x 50 cm &#8211; VENDU<\/p>\r\n\r\n\r\n\r\n<div class=\"wp-block-spacer\" style=\"height: 59px;\" aria-hidden=\"true\">\u00a0<\/div>\r\n\r\n\r\n<hr class=\"wp-block-separator\" \/>\r\n\r\n\r\n<div class=\"wp-block-spacer\" style=\"height: 59px;\" aria-hidden=\"true\">\u00a0<\/div>\r\n\r\n\r\n\r\n<p class=\"has-medium-font-size\">Chrono<\/p>\r\n<p><img decoding=\"async\" class=\"alignnone  wp-image-265 lazyload\" data-src=\"https:\/\/jerome-barreau-sculpteur.com\/wp-content\/uploads\/2020\/03\/Chrono-238x300.jpg\" alt=\"\" width=\"479\" height=\"604\" data-srcset=\"https:\/\/jerome-barreau-sculpteur.com\/wp-content\/uploads\/2020\/03\/Chrono-238x300.jpg 238w, https:\/\/jerome-barreau-sculpteur.com\/wp-content\/uploads\/2020\/03\/Chrono-813x1024.jpg 813w, https:\/\/jerome-barreau-sculpteur.com\/wp-content\/uploads\/2020\/03\/Chrono-768x967.jpg 768w, https:\/\/jerome-barreau-sculpteur.com\/wp-content\/uploads\/2020\/03\/Chrono-1220x1536.jpg 1220w, https:\/\/jerome-barreau-sculpteur.com\/wp-content\/uploads\/2020\/03\/Chrono.jpg 1626w\" data-sizes=\"(max-width: 479px) 100vw, 479px\" src=\"data:image\/svg+xml;base64,PHN2ZyB3aWR0aD0iMSIgaGVpZ2h0PSIxIiB4bWxucz0iaHR0cDovL3d3dy53My5vcmcvMjAwMC9zdmciPjwvc3ZnPg==\" style=\"--smush-placeholder-width: 479px; --smush-placeholder-aspect-ratio: 479\/604;\" \/><\/p>\r\n\r\n\r\n\r\n\r\n\r\n<p>Acrylique 80 x 100 cm &#8211; VENDU<\/p>\r\n\r\n\r\n\r\n<div class=\"wp-block-spacer\" style=\"height: 59px;\" aria-hidden=\"true\">\u00a0<\/div>\r\n\r\n\r\n<hr class=\"wp-block-separator\" \/>\r\n\r\n\r\n<div class=\"wp-block-spacer\" style=\"height: 59px;\" aria-hidden=\"true\">\u00a0<\/div>\r\n\r\n\r\n\r\n<p class=\"has-medium-font-size\">Hymne humanit\u00e9<\/p>\r\n<p><img decoding=\"async\" class=\"alignnone  wp-image-270 lazyload\" data-src=\"https:\/\/jerome-barreau-sculpteur.com\/wp-content\/uploads\/2020\/03\/Hymne-Humanite\u0301-298x300.jpg\" alt=\"\" width=\"498\" height=\"501\" data-srcset=\"https:\/\/jerome-barreau-sculpteur.com\/wp-content\/uploads\/2020\/03\/Hymne-Humanite\u0301-298x300.jpg 298w, https:\/\/jerome-barreau-sculpteur.com\/wp-content\/uploads\/2020\/03\/Hymne-Humanite\u0301-1017x1024.jpg 1017w, https:\/\/jerome-barreau-sculpteur.com\/wp-content\/uploads\/2020\/03\/Hymne-Humanite\u0301-150x150.jpg 150w, https:\/\/jerome-barreau-sculpteur.com\/wp-content\/uploads\/2020\/03\/Hymne-Humanite\u0301-768x774.jpg 768w, https:\/\/jerome-barreau-sculpteur.com\/wp-content\/uploads\/2020\/03\/Hymne-Humanite\u0301-1525x1536.jpg 1525w, https:\/\/jerome-barreau-sculpteur.com\/wp-content\/uploads\/2020\/03\/Hymne-Humanite\u0301-100x100.jpg 100w, https:\/\/jerome-barreau-sculpteur.com\/wp-content\/uploads\/2020\/03\/Hymne-Humanite\u0301.jpg 2033w\" data-sizes=\"(max-width: 498px) 100vw, 498px\" src=\"data:image\/svg+xml;base64,PHN2ZyB3aWR0aD0iMSIgaGVpZ2h0PSIxIiB4bWxucz0iaHR0cDovL3d3dy53My5vcmcvMjAwMC9zdmciPjwvc3ZnPg==\" style=\"--smush-placeholder-width: 498px; --smush-placeholder-aspect-ratio: 498\/501;\" \/><\/p>\r\n\r\n\r\n\r\n\r\n\r\n<p>Acrylique et collage 80 x 80 cm<\/p>\r\n\r\n\r\n\r\n<div class=\"wp-block-spacer\" style=\"height: 59px;\" aria-hidden=\"true\">\u00a0<\/div>\r\n\r\n\r\n<hr class=\"wp-block-separator\" \/>\r\n\r\n\r\n<div class=\"wp-block-spacer\" style=\"height: 59px;\" aria-hidden=\"true\">\u00a0<\/div>\r\n\r\n\r\n\r\n<p class=\"has-medium-font-size\">Nour<\/p>\r\n\r\n\r\n\r\n<figure class=\"wp-block-image size-large\"><img decoding=\"async\" width=\"768\" height=\"1024\" class=\"wp-image-274 lazyload\" data-src=\"https:\/\/jerome-barreau-sculpteur.com\/wp-content\/uploads\/2020\/03\/Nour.jpeg\" alt=\"Peintures - Nour - J\u00e9r\u00f4me Barreau \" data-srcset=\"https:\/\/jerome-barreau-sculpteur.com\/wp-content\/uploads\/2020\/03\/Nour.jpeg 768w, https:\/\/jerome-barreau-sculpteur.com\/wp-content\/uploads\/2020\/03\/Nour-225x300.jpeg 225w\" data-sizes=\"(max-width: 767px) 89vw, (max-width: 1000px) 54vw, (max-width: 1071px) 543px, 580px\" src=\"data:image\/svg+xml;base64,PHN2ZyB3aWR0aD0iMSIgaGVpZ2h0PSIxIiB4bWxucz0iaHR0cDovL3d3dy53My5vcmcvMjAwMC9zdmciPjwvc3ZnPg==\" style=\"--smush-placeholder-width: 768px; --smush-placeholder-aspect-ratio: 768\/1024;\" \/>\r\n<figcaption>Nour \u00a9 J\u00e9r\u00f4me Barreau artiste<\/figcaption>\r\n<\/figure>\r\n\r\n\r\n\r\n<p>Acrylique fa\u00e7on aquarelle 30 x 40 cm &#8211; VENDU<\/p>\r\n","protected":false},"excerpt":{"rendered":"<p>&nbsp; Toute rencontre est une collision r\u00eav\u00e9e, id\u00e9alis\u00e9e, enchant\u00e9e Myriam Charbit &nbsp; Nga\u00ef Forces \u00c9gales \u00a9 J\u00e9r\u00f4me Barreau artiste Acrylique 60 x 60 cm Forces \u00c9gales &nbsp; Acrylique 70 x 70 cm &#8211; VENDU City Acrylique 100 x 80 cm &#8211; VENDU 6.0 Acrylique 100 x 100 cm &#8211; VENDU Le pas-sage Acrylique 80 x &hellip; <\/p>\n<p class=\"link-more\"><a href=\"https:\/\/jerome-barreau-sculpteur.com\/index.php\/peintures-jerome-barreau-andernos-les-bains\/\" class=\"more-link\">Continuer la lecture<span class=\"screen-reader-text\"> de &laquo;&nbsp;Peintures&nbsp;&raquo;<\/span><\/a><\/p>\n","protected":false},"author":1,"featured_media":0,"parent":0,"menu_order":0,"comment_status":"closed","ping_status":"closed","template":"","meta":{"footnotes":""},"class_list":["post-90","page","type-page","status-publish","hentry"],"yoast_head":"<!-- This site is optimized with the Yoast SEO plugin v27.4 - https:\/\/yoast.com\/product\/yoast-seo-wordpress\/ -->\n<title>Peintures - J\u00e9r\u00f4me Barreau - Peintures<\/title>\n<meta name=\"description\" content=\"Cliquez ici et d\u00e9couvrez les peintures de J\u00e9r\u00f4me Barreau artiste \u00e0 Andernos-les-bains - J\u00e9r\u00f4me Barreau - Peintures\" \/>\n<meta name=\"robots\" content=\"index, follow, max-snippet:-1, max-image-preview:large, max-video-preview:-1\" \/>\n<link rel=\"canonical\" href=\"https:\/\/jerome-barreau-sculpteur.com\/index.php\/peintures-jerome-barreau-andernos-les-bains\/\" \/>\n<meta property=\"og:locale\" content=\"fr_FR\" \/>\n<meta property=\"og:type\" content=\"article\" \/>\n<meta property=\"og:title\" content=\"Peintures - J\u00e9r\u00f4me Barreau - Peintures\" \/>\n<meta property=\"og:description\" content=\"Cliquez ici et d\u00e9couvrez les peintures de J\u00e9r\u00f4me Barreau artiste \u00e0 Andernos-les-bains - J\u00e9r\u00f4me Barreau - Peintures\" \/>\n<meta property=\"og:url\" content=\"https:\/\/jerome-barreau-sculpteur.com\/index.php\/peintures-jerome-barreau-andernos-les-bains\/\" \/>\n<meta property=\"og:site_name\" content=\"J\u00e9r\u00f4me Barreau\" \/>\n<meta property=\"article:modified_time\" content=\"2022-02-07T08:11:58+00:00\" \/>\n<meta property=\"og:image\" content=\"https:\/\/jerome-barreau-sculpteur.com\/wp-content\/uploads\/2022\/02\/Ngai-300x300.jpg\" \/>\n<meta name=\"twitter:card\" content=\"summary_large_image\" \/>\n<meta name=\"twitter:label1\" content=\"Dur\u00e9e de lecture estim\u00e9e\" \/>\n\t<meta name=\"twitter:data1\" content=\"3 minutes\" \/>\n<script type=\"application\/ld+json\" class=\"yoast-schema-graph\">{\"@context\":\"https:\\\/\\\/schema.org\",\"@graph\":[{\"@type\":\"WebPage\",\"@id\":\"https:\\\/\\\/jerome-barreau-sculpteur.com\\\/index.php\\\/peintures-jerome-barreau-andernos-les-bains\\\/\",\"url\":\"https:\\\/\\\/jerome-barreau-sculpteur.com\\\/index.php\\\/peintures-jerome-barreau-andernos-les-bains\\\/\",\"name\":\"Peintures - J\u00e9r\u00f4me Barreau - Peintures\",\"isPartOf\":{\"@id\":\"https:\\\/\\\/jerome-barreau-sculpteur.com\\\/#website\"},\"primaryImageOfPage\":{\"@id\":\"https:\\\/\\\/jerome-barreau-sculpteur.com\\\/index.php\\\/peintures-jerome-barreau-andernos-les-bains\\\/#primaryimage\"},\"image\":{\"@id\":\"https:\\\/\\\/jerome-barreau-sculpteur.com\\\/index.php\\\/peintures-jerome-barreau-andernos-les-bains\\\/#primaryimage\"},\"thumbnailUrl\":\"https:\\\/\\\/jerome-barreau-sculpteur.com\\\/wp-content\\\/uploads\\\/2022\\\/02\\\/Ngai-300x300.jpg\",\"datePublished\":\"2020-03-19T21:39:41+00:00\",\"dateModified\":\"2022-02-07T08:11:58+00:00\",\"description\":\"Cliquez ici et d\u00e9couvrez les peintures de J\u00e9r\u00f4me Barreau artiste \u00e0 Andernos-les-bains - J\u00e9r\u00f4me Barreau - Peintures\",\"breadcrumb\":{\"@id\":\"https:\\\/\\\/jerome-barreau-sculpteur.com\\\/index.php\\\/peintures-jerome-barreau-andernos-les-bains\\\/#breadcrumb\"},\"inLanguage\":\"fr-FR\",\"potentialAction\":[{\"@type\":\"ReadAction\",\"target\":[\"https:\\\/\\\/jerome-barreau-sculpteur.com\\\/index.php\\\/peintures-jerome-barreau-andernos-les-bains\\\/\"]}]},{\"@type\":\"ImageObject\",\"inLanguage\":\"fr-FR\",\"@id\":\"https:\\\/\\\/jerome-barreau-sculpteur.com\\\/index.php\\\/peintures-jerome-barreau-andernos-les-bains\\\/#primaryimage\",\"url\":\"https:\\\/\\\/jerome-barreau-sculpteur.com\\\/wp-content\\\/uploads\\\/2022\\\/02\\\/Ngai.jpg\",\"contentUrl\":\"https:\\\/\\\/jerome-barreau-sculpteur.com\\\/wp-content\\\/uploads\\\/2022\\\/02\\\/Ngai.jpg\",\"width\":2424,\"height\":2423},{\"@type\":\"BreadcrumbList\",\"@id\":\"https:\\\/\\\/jerome-barreau-sculpteur.com\\\/index.php\\\/peintures-jerome-barreau-andernos-les-bains\\\/#breadcrumb\",\"itemListElement\":[{\"@type\":\"ListItem\",\"position\":1,\"name\":\"Accueil\",\"item\":\"https:\\\/\\\/jerome-barreau-sculpteur.com\\\/\"},{\"@type\":\"ListItem\",\"position\":2,\"name\":\"Peintures\"}]},{\"@type\":\"WebSite\",\"@id\":\"https:\\\/\\\/jerome-barreau-sculpteur.com\\\/#website\",\"url\":\"https:\\\/\\\/jerome-barreau-sculpteur.com\\\/\",\"name\":\"J\u00e9r\u00f4me Barreau\",\"description\":\"Artiste Sculpteur Peintre\",\"publisher\":{\"@id\":\"https:\\\/\\\/jerome-barreau-sculpteur.com\\\/#\\\/schema\\\/person\\\/a419fb6a8497aa7b52150dadb6a00532\"},\"potentialAction\":[{\"@type\":\"SearchAction\",\"target\":{\"@type\":\"EntryPoint\",\"urlTemplate\":\"https:\\\/\\\/jerome-barreau-sculpteur.com\\\/?s={search_term_string}\"},\"query-input\":{\"@type\":\"PropertyValueSpecification\",\"valueRequired\":true,\"valueName\":\"search_term_string\"}}],\"inLanguage\":\"fr-FR\"},{\"@type\":[\"Person\",\"Organization\"],\"@id\":\"https:\\\/\\\/jerome-barreau-sculpteur.com\\\/#\\\/schema\\\/person\\\/a419fb6a8497aa7b52150dadb6a00532\",\"name\":\"jeromebarreau\",\"image\":{\"@type\":\"ImageObject\",\"inLanguage\":\"fr-FR\",\"@id\":\"https:\\\/\\\/secure.gravatar.com\\\/avatar\\\/8d421770de929efff14be286bf2a9a5616cc49ba39bd1501da726a137cfeff9f?s=96&d=mm&r=g\",\"url\":\"https:\\\/\\\/secure.gravatar.com\\\/avatar\\\/8d421770de929efff14be286bf2a9a5616cc49ba39bd1501da726a137cfeff9f?s=96&d=mm&r=g\",\"contentUrl\":\"https:\\\/\\\/secure.gravatar.com\\\/avatar\\\/8d421770de929efff14be286bf2a9a5616cc49ba39bd1501da726a137cfeff9f?s=96&d=mm&r=g\",\"caption\":\"jeromebarreau\"},\"logo\":{\"@id\":\"https:\\\/\\\/secure.gravatar.com\\\/avatar\\\/8d421770de929efff14be286bf2a9a5616cc49ba39bd1501da726a137cfeff9f?s=96&d=mm&r=g\"}}]}<\/script>\n<!-- \/ Yoast SEO plugin. -->","yoast_head_json":{"title":"Peintures - J\u00e9r\u00f4me Barreau - Peintures","description":"Cliquez ici et d\u00e9couvrez les peintures de J\u00e9r\u00f4me Barreau artiste \u00e0 Andernos-les-bains - J\u00e9r\u00f4me Barreau - Peintures","robots":{"index":"index","follow":"follow","max-snippet":"max-snippet:-1","max-image-preview":"max-image-preview:large","max-video-preview":"max-video-preview:-1"},"canonical":"https:\/\/jerome-barreau-sculpteur.com\/index.php\/peintures-jerome-barreau-andernos-les-bains\/","og_locale":"fr_FR","og_type":"article","og_title":"Peintures - J\u00e9r\u00f4me Barreau - Peintures","og_description":"Cliquez ici et d\u00e9couvrez les peintures de J\u00e9r\u00f4me Barreau artiste \u00e0 Andernos-les-bains - J\u00e9r\u00f4me Barreau - Peintures","og_url":"https:\/\/jerome-barreau-sculpteur.com\/index.php\/peintures-jerome-barreau-andernos-les-bains\/","og_site_name":"J\u00e9r\u00f4me Barreau","article_modified_time":"2022-02-07T08:11:58+00:00","og_image":[{"url":"https:\/\/jerome-barreau-sculpteur.com\/wp-content\/uploads\/2022\/02\/Ngai-300x300.jpg","type":"","width":"","height":""}],"twitter_card":"summary_large_image","twitter_misc":{"Dur\u00e9e de lecture estim\u00e9e":"3 minutes"},"schema":{"@context":"https:\/\/schema.org","@graph":[{"@type":"WebPage","@id":"https:\/\/jerome-barreau-sculpteur.com\/index.php\/peintures-jerome-barreau-andernos-les-bains\/","url":"https:\/\/jerome-barreau-sculpteur.com\/index.php\/peintures-jerome-barreau-andernos-les-bains\/","name":"Peintures - J\u00e9r\u00f4me Barreau - Peintures","isPartOf":{"@id":"https:\/\/jerome-barreau-sculpteur.com\/#website"},"primaryImageOfPage":{"@id":"https:\/\/jerome-barreau-sculpteur.com\/index.php\/peintures-jerome-barreau-andernos-les-bains\/#primaryimage"},"image":{"@id":"https:\/\/jerome-barreau-sculpteur.com\/index.php\/peintures-jerome-barreau-andernos-les-bains\/#primaryimage"},"thumbnailUrl":"https:\/\/jerome-barreau-sculpteur.com\/wp-content\/uploads\/2022\/02\/Ngai-300x300.jpg","datePublished":"2020-03-19T21:39:41+00:00","dateModified":"2022-02-07T08:11:58+00:00","description":"Cliquez ici et d\u00e9couvrez les peintures de J\u00e9r\u00f4me Barreau artiste \u00e0 Andernos-les-bains - J\u00e9r\u00f4me Barreau - Peintures","breadcrumb":{"@id":"https:\/\/jerome-barreau-sculpteur.com\/index.php\/peintures-jerome-barreau-andernos-les-bains\/#breadcrumb"},"inLanguage":"fr-FR","potentialAction":[{"@type":"ReadAction","target":["https:\/\/jerome-barreau-sculpteur.com\/index.php\/peintures-jerome-barreau-andernos-les-bains\/"]}]},{"@type":"ImageObject","inLanguage":"fr-FR","@id":"https:\/\/jerome-barreau-sculpteur.com\/index.php\/peintures-jerome-barreau-andernos-les-bains\/#primaryimage","url":"https:\/\/jerome-barreau-sculpteur.com\/wp-content\/uploads\/2022\/02\/Ngai.jpg","contentUrl":"https:\/\/jerome-barreau-sculpteur.com\/wp-content\/uploads\/2022\/02\/Ngai.jpg","width":2424,"height":2423},{"@type":"BreadcrumbList","@id":"https:\/\/jerome-barreau-sculpteur.com\/index.php\/peintures-jerome-barreau-andernos-les-bains\/#breadcrumb","itemListElement":[{"@type":"ListItem","position":1,"name":"Accueil","item":"https:\/\/jerome-barreau-sculpteur.com\/"},{"@type":"ListItem","position":2,"name":"Peintures"}]},{"@type":"WebSite","@id":"https:\/\/jerome-barreau-sculpteur.com\/#website","url":"https:\/\/jerome-barreau-sculpteur.com\/","name":"J\u00e9r\u00f4me Barreau","description":"Artiste Sculpteur Peintre","publisher":{"@id":"https:\/\/jerome-barreau-sculpteur.com\/#\/schema\/person\/a419fb6a8497aa7b52150dadb6a00532"},"potentialAction":[{"@type":"SearchAction","target":{"@type":"EntryPoint","urlTemplate":"https:\/\/jerome-barreau-sculpteur.com\/?s={search_term_string}"},"query-input":{"@type":"PropertyValueSpecification","valueRequired":true,"valueName":"search_term_string"}}],"inLanguage":"fr-FR"},{"@type":["Person","Organization"],"@id":"https:\/\/jerome-barreau-sculpteur.com\/#\/schema\/person\/a419fb6a8497aa7b52150dadb6a00532","name":"jeromebarreau","image":{"@type":"ImageObject","inLanguage":"fr-FR","@id":"https:\/\/secure.gravatar.com\/avatar\/8d421770de929efff14be286bf2a9a5616cc49ba39bd1501da726a137cfeff9f?s=96&d=mm&r=g","url":"https:\/\/secure.gravatar.com\/avatar\/8d421770de929efff14be286bf2a9a5616cc49ba39bd1501da726a137cfeff9f?s=96&d=mm&r=g","contentUrl":"https:\/\/secure.gravatar.com\/avatar\/8d421770de929efff14be286bf2a9a5616cc49ba39bd1501da726a137cfeff9f?s=96&d=mm&r=g","caption":"jeromebarreau"},"logo":{"@id":"https:\/\/secure.gravatar.com\/avatar\/8d421770de929efff14be286bf2a9a5616cc49ba39bd1501da726a137cfeff9f?s=96&d=mm&r=g"}}]}},"_links":{"self":[{"href":"https:\/\/jerome-barreau-sculpteur.com\/index.php\/wp-json\/wp\/v2\/pages\/90","targetHints":{"allow":["GET"]}}],"collection":[{"href":"https:\/\/jerome-barreau-sculpteur.com\/index.php\/wp-json\/wp\/v2\/pages"}],"about":[{"href":"https:\/\/jerome-barreau-sculpteur.com\/index.php\/wp-json\/wp\/v2\/types\/page"}],"author":[{"embeddable":true,"href":"https:\/\/jerome-barreau-sculpteur.com\/index.php\/wp-json\/wp\/v2\/users\/1"}],"replies":[{"embeddable":true,"href":"https:\/\/jerome-barreau-sculpteur.com\/index.php\/wp-json\/wp\/v2\/comments?post=90"}],"version-history":[{"count":11,"href":"https:\/\/jerome-barreau-sculpteur.com\/index.php\/wp-json\/wp\/v2\/pages\/90\/revisions"}],"predecessor-version":[{"id":455,"href":"https:\/\/jerome-barreau-sculpteur.com\/index.php\/wp-json\/wp\/v2\/pages\/90\/revisions\/455"}],"wp:attachment":[{"href":"https:\/\/jerome-barreau-sculpteur.com\/index.php\/wp-json\/wp\/v2\/media?parent=90"}],"curies":[{"name":"wp","href":"https:\/\/api.w.org\/{rel}","templated":true}]}}