{"id":118,"date":"2020-03-20T10:49:18","date_gmt":"2020-03-20T09:49:18","guid":{"rendered":"https:\/\/jerome-barreau-sculpteur.com\/?page_id=118"},"modified":"2020-11-11T18:08:04","modified_gmt":"2020-11-11T17:08:04","slug":"sculpture-sur-pierre-jerome-barreau-andernos-les-bains","status":"publish","type":"page","link":"https:\/\/jerome-barreau-sculpteur.com\/index.php\/sculpture-sur-pierre-jerome-barreau-andernos-les-bains\/","title":{"rendered":"Sculptures sur pierre"},"content":{"rendered":"\r\n<div class=\"wp-block-spacer\" style=\"height: 100px;\" aria-hidden=\"true\">\u00a0<\/div>\r\n\r\n\r\n\r\n<blockquote class=\"wp-block-quote is-style-large is-layout-flow wp-block-quote-is-layout-flow\">\r\n<p>\u00catre de connivence avec la mati\u00e8re&#8230; Cr\u00e9er une forme vectrice de sens<\/p>\r\n<cite>J\u00e9r\u00f4me Barreau<\/cite><\/blockquote>\r\n\r\n\r\n\r\n<p class=\"has-medium-font-size\">Blues<\/p>\r\n\r\n\r\n\r\n<figure class=\"wp-block-image size-large\"><img decoding=\"async\" width=\"1024\" height=\"1024\" class=\"wp-image-250 lazyload\" data-src=\"https:\/\/jerome-barreau-sculpteur.com\/wp-content\/uploads\/2020\/03\/Blues-1024x1024.jpg\" alt=\"Sculpture sur pierre - Blues - J\u00e9r\u00f4me Barreau\r\n\" data-srcset=\"https:\/\/jerome-barreau-sculpteur.com\/wp-content\/uploads\/2020\/03\/Blues-1024x1024.jpg 1024w, https:\/\/jerome-barreau-sculpteur.com\/wp-content\/uploads\/2020\/03\/Blues-300x300.jpg 300w, https:\/\/jerome-barreau-sculpteur.com\/wp-content\/uploads\/2020\/03\/Blues-150x150.jpg 150w, https:\/\/jerome-barreau-sculpteur.com\/wp-content\/uploads\/2020\/03\/Blues-768x768.jpg 768w, https:\/\/jerome-barreau-sculpteur.com\/wp-content\/uploads\/2020\/03\/Blues-1536x1536.jpg 1536w, https:\/\/jerome-barreau-sculpteur.com\/wp-content\/uploads\/2020\/03\/Blues-2048x2048.jpg 2048w, https:\/\/jerome-barreau-sculpteur.com\/wp-content\/uploads\/2020\/03\/Blues-100x100.jpg 100w\" data-sizes=\"(max-width: 767px) 89vw, (max-width: 1000px) 54vw, (max-width: 1071px) 543px, 580px\" src=\"data:image\/svg+xml;base64,PHN2ZyB3aWR0aD0iMSIgaGVpZ2h0PSIxIiB4bWxucz0iaHR0cDovL3d3dy53My5vcmcvMjAwMC9zdmciPjwvc3ZnPg==\" style=\"--smush-placeholder-width: 1024px; --smush-placeholder-aspect-ratio: 1024\/1024;\" \/>\r\n<figcaption>Blues \u00a9 J\u00e9r\u00f4me Barreau artiste &#8211; Photographie Herv\u00e9 Mascot<\/figcaption>\r\n<\/figure>\r\n\r\n\r\n\r\n<p>St\u00e9atite 22 x 22 x 19 cm<\/p>\r\n\r\n\r\n\r\n<div class=\"wp-block-spacer\" style=\"height: 64px;\" aria-hidden=\"true\">\u00a0<\/div>\r\n\r\n\r\n<hr class=\"wp-block-separator\" \/>\r\n\r\n\r\n<div class=\"wp-block-spacer\" style=\"height: 64px;\" aria-hidden=\"true\">\u00a0<\/div>\r\n\r\n\r\n\r\n<p class=\"has-medium-font-size\">Hetna<\/p>\r\n<p><img decoding=\"async\" class=\"alignnone  wp-image-251 lazyload\" data-src=\"https:\/\/jerome-barreau-sculpteur.com\/wp-content\/uploads\/2020\/03\/Hetna-300x300.jpg\" alt=\"\" width=\"530\" height=\"530\" data-srcset=\"https:\/\/jerome-barreau-sculpteur.com\/wp-content\/uploads\/2020\/03\/Hetna-300x300.jpg 300w, https:\/\/jerome-barreau-sculpteur.com\/wp-content\/uploads\/2020\/03\/Hetna-1024x1024.jpg 1024w, https:\/\/jerome-barreau-sculpteur.com\/wp-content\/uploads\/2020\/03\/Hetna-150x150.jpg 150w, https:\/\/jerome-barreau-sculpteur.com\/wp-content\/uploads\/2020\/03\/Hetna-768x768.jpg 768w, https:\/\/jerome-barreau-sculpteur.com\/wp-content\/uploads\/2020\/03\/Hetna-1536x1536.jpg 1536w, https:\/\/jerome-barreau-sculpteur.com\/wp-content\/uploads\/2020\/03\/Hetna-2048x2048.jpg 2048w, https:\/\/jerome-barreau-sculpteur.com\/wp-content\/uploads\/2020\/03\/Hetna-100x100.jpg 100w\" data-sizes=\"(max-width: 530px) 100vw, 530px\" src=\"data:image\/svg+xml;base64,PHN2ZyB3aWR0aD0iMSIgaGVpZ2h0PSIxIiB4bWxucz0iaHR0cDovL3d3dy53My5vcmcvMjAwMC9zdmciPjwvc3ZnPg==\" style=\"--smush-placeholder-width: 530px; --smush-placeholder-aspect-ratio: 530\/530;\" \/><\/p>\r\n\r\n\r\n\r\n\r\n\r\n<p>Albatre 26 x 16 x 19 cm<\/p>\r\n","protected":false},"excerpt":{"rendered":"<p>\u00catre de connivence avec la mati\u00e8re&#8230; Cr\u00e9er une forme vectrice de sens J\u00e9r\u00f4me Barreau Blues St\u00e9atite 22 x 22 x 19 cm Hetna Albatre 26 x 16 x 19 cm<\/p>\n","protected":false},"author":1,"featured_media":0,"parent":0,"menu_order":0,"comment_status":"closed","ping_status":"closed","template":"","meta":{"footnotes":""},"class_list":["post-118","page","type-page","status-publish","hentry"],"yoast_head":"<!-- This site is optimized with the Yoast SEO plugin v27.4 - https:\/\/yoast.com\/product\/yoast-seo-wordpress\/ -->\n<title>Sculptures sur pierre - J\u00e9r\u00f4me Barreau - Sculptures sur pierre<\/title>\n<meta name=\"description\" content=\"Cliquez ici et d\u00e9couvrez les sculptures sur pierre de J\u00e9r\u00f4me Barreau artiste \u00e0 Andernos-les-bains - J\u00e9r\u00f4me Barreau - Sculptures sur pierre\" \/>\n<meta name=\"robots\" content=\"index, follow, max-snippet:-1, max-image-preview:large, max-video-preview:-1\" \/>\n<link rel=\"canonical\" href=\"https:\/\/jerome-barreau-sculpteur.com\/index.php\/sculpture-sur-pierre-jerome-barreau-andernos-les-bains\/\" \/>\n<meta property=\"og:locale\" content=\"fr_FR\" \/>\n<meta property=\"og:type\" content=\"article\" \/>\n<meta property=\"og:title\" content=\"Sculptures sur pierre - J\u00e9r\u00f4me Barreau - Sculptures sur pierre\" \/>\n<meta property=\"og:description\" content=\"Cliquez ici et d\u00e9couvrez les sculptures sur pierre de J\u00e9r\u00f4me Barreau artiste \u00e0 Andernos-les-bains - J\u00e9r\u00f4me Barreau - Sculptures sur pierre\" \/>\n<meta property=\"og:url\" content=\"https:\/\/jerome-barreau-sculpteur.com\/index.php\/sculpture-sur-pierre-jerome-barreau-andernos-les-bains\/\" \/>\n<meta property=\"og:site_name\" content=\"J\u00e9r\u00f4me Barreau\" \/>\n<meta property=\"article:modified_time\" content=\"2020-11-11T17:08:04+00:00\" \/>\n<meta property=\"og:image\" content=\"https:\/\/jerome-barreau-sculpteur.com\/wp-content\/uploads\/2020\/03\/Blues-1024x1024.jpg\" \/>\n<meta name=\"twitter:card\" content=\"summary_large_image\" \/>\n<script type=\"application\/ld+json\" class=\"yoast-schema-graph\">{\"@context\":\"https:\\\/\\\/schema.org\",\"@graph\":[{\"@type\":\"WebPage\",\"@id\":\"https:\\\/\\\/jerome-barreau-sculpteur.com\\\/index.php\\\/sculpture-sur-pierre-jerome-barreau-andernos-les-bains\\\/\",\"url\":\"https:\\\/\\\/jerome-barreau-sculpteur.com\\\/index.php\\\/sculpture-sur-pierre-jerome-barreau-andernos-les-bains\\\/\",\"name\":\"Sculptures sur pierre - J\u00e9r\u00f4me Barreau - Sculptures sur pierre\",\"isPartOf\":{\"@id\":\"https:\\\/\\\/jerome-barreau-sculpteur.com\\\/#website\"},\"primaryImageOfPage\":{\"@id\":\"https:\\\/\\\/jerome-barreau-sculpteur.com\\\/index.php\\\/sculpture-sur-pierre-jerome-barreau-andernos-les-bains\\\/#primaryimage\"},\"image\":{\"@id\":\"https:\\\/\\\/jerome-barreau-sculpteur.com\\\/index.php\\\/sculpture-sur-pierre-jerome-barreau-andernos-les-bains\\\/#primaryimage\"},\"thumbnailUrl\":\"https:\\\/\\\/jerome-barreau-sculpteur.com\\\/wp-content\\\/uploads\\\/2020\\\/03\\\/Blues-1024x1024.jpg\",\"datePublished\":\"2020-03-20T09:49:18+00:00\",\"dateModified\":\"2020-11-11T17:08:04+00:00\",\"description\":\"Cliquez ici et d\u00e9couvrez les sculptures sur pierre de J\u00e9r\u00f4me Barreau artiste \u00e0 Andernos-les-bains - J\u00e9r\u00f4me Barreau - Sculptures sur pierre\",\"breadcrumb\":{\"@id\":\"https:\\\/\\\/jerome-barreau-sculpteur.com\\\/index.php\\\/sculpture-sur-pierre-jerome-barreau-andernos-les-bains\\\/#breadcrumb\"},\"inLanguage\":\"fr-FR\",\"potentialAction\":[{\"@type\":\"ReadAction\",\"target\":[\"https:\\\/\\\/jerome-barreau-sculpteur.com\\\/index.php\\\/sculpture-sur-pierre-jerome-barreau-andernos-les-bains\\\/\"]}]},{\"@type\":\"ImageObject\",\"inLanguage\":\"fr-FR\",\"@id\":\"https:\\\/\\\/jerome-barreau-sculpteur.com\\\/index.php\\\/sculpture-sur-pierre-jerome-barreau-andernos-les-bains\\\/#primaryimage\",\"url\":\"https:\\\/\\\/jerome-barreau-sculpteur.com\\\/wp-content\\\/uploads\\\/2020\\\/03\\\/Blues-scaled.jpg\",\"contentUrl\":\"https:\\\/\\\/jerome-barreau-sculpteur.com\\\/wp-content\\\/uploads\\\/2020\\\/03\\\/Blues-scaled.jpg\",\"width\":2560,\"height\":2560},{\"@type\":\"BreadcrumbList\",\"@id\":\"https:\\\/\\\/jerome-barreau-sculpteur.com\\\/index.php\\\/sculpture-sur-pierre-jerome-barreau-andernos-les-bains\\\/#breadcrumb\",\"itemListElement\":[{\"@type\":\"ListItem\",\"position\":1,\"name\":\"Accueil\",\"item\":\"https:\\\/\\\/jerome-barreau-sculpteur.com\\\/\"},{\"@type\":\"ListItem\",\"position\":2,\"name\":\"Sculptures sur pierre\"}]},{\"@type\":\"WebSite\",\"@id\":\"https:\\\/\\\/jerome-barreau-sculpteur.com\\\/#website\",\"url\":\"https:\\\/\\\/jerome-barreau-sculpteur.com\\\/\",\"name\":\"J\u00e9r\u00f4me Barreau\",\"description\":\"Artiste Sculpteur Peintre\",\"publisher\":{\"@id\":\"https:\\\/\\\/jerome-barreau-sculpteur.com\\\/#\\\/schema\\\/person\\\/a419fb6a8497aa7b52150dadb6a00532\"},\"potentialAction\":[{\"@type\":\"SearchAction\",\"target\":{\"@type\":\"EntryPoint\",\"urlTemplate\":\"https:\\\/\\\/jerome-barreau-sculpteur.com\\\/?s={search_term_string}\"},\"query-input\":{\"@type\":\"PropertyValueSpecification\",\"valueRequired\":true,\"valueName\":\"search_term_string\"}}],\"inLanguage\":\"fr-FR\"},{\"@type\":[\"Person\",\"Organization\"],\"@id\":\"https:\\\/\\\/jerome-barreau-sculpteur.com\\\/#\\\/schema\\\/person\\\/a419fb6a8497aa7b52150dadb6a00532\",\"name\":\"jeromebarreau\",\"image\":{\"@type\":\"ImageObject\",\"inLanguage\":\"fr-FR\",\"@id\":\"https:\\\/\\\/secure.gravatar.com\\\/avatar\\\/8d421770de929efff14be286bf2a9a5616cc49ba39bd1501da726a137cfeff9f?s=96&d=mm&r=g\",\"url\":\"https:\\\/\\\/secure.gravatar.com\\\/avatar\\\/8d421770de929efff14be286bf2a9a5616cc49ba39bd1501da726a137cfeff9f?s=96&d=mm&r=g\",\"contentUrl\":\"https:\\\/\\\/secure.gravatar.com\\\/avatar\\\/8d421770de929efff14be286bf2a9a5616cc49ba39bd1501da726a137cfeff9f?s=96&d=mm&r=g\",\"caption\":\"jeromebarreau\"},\"logo\":{\"@id\":\"https:\\\/\\\/secure.gravatar.com\\\/avatar\\\/8d421770de929efff14be286bf2a9a5616cc49ba39bd1501da726a137cfeff9f?s=96&d=mm&r=g\"}}]}<\/script>\n<!-- \/ Yoast SEO plugin. -->","yoast_head_json":{"title":"Sculptures sur pierre - J\u00e9r\u00f4me Barreau - Sculptures sur pierre","description":"Cliquez ici et d\u00e9couvrez les sculptures sur pierre de J\u00e9r\u00f4me Barreau artiste \u00e0 Andernos-les-bains - J\u00e9r\u00f4me Barreau - Sculptures sur pierre","robots":{"index":"index","follow":"follow","max-snippet":"max-snippet:-1","max-image-preview":"max-image-preview:large","max-video-preview":"max-video-preview:-1"},"canonical":"https:\/\/jerome-barreau-sculpteur.com\/index.php\/sculpture-sur-pierre-jerome-barreau-andernos-les-bains\/","og_locale":"fr_FR","og_type":"article","og_title":"Sculptures sur pierre - J\u00e9r\u00f4me Barreau - Sculptures sur pierre","og_description":"Cliquez ici et d\u00e9couvrez les sculptures sur pierre de J\u00e9r\u00f4me Barreau artiste \u00e0 Andernos-les-bains - J\u00e9r\u00f4me Barreau - Sculptures sur pierre","og_url":"https:\/\/jerome-barreau-sculpteur.com\/index.php\/sculpture-sur-pierre-jerome-barreau-andernos-les-bains\/","og_site_name":"J\u00e9r\u00f4me Barreau","article_modified_time":"2020-11-11T17:08:04+00:00","og_image":[{"url":"https:\/\/jerome-barreau-sculpteur.com\/wp-content\/uploads\/2020\/03\/Blues-1024x1024.jpg","type":"","width":"","height":""}],"twitter_card":"summary_large_image","schema":{"@context":"https:\/\/schema.org","@graph":[{"@type":"WebPage","@id":"https:\/\/jerome-barreau-sculpteur.com\/index.php\/sculpture-sur-pierre-jerome-barreau-andernos-les-bains\/","url":"https:\/\/jerome-barreau-sculpteur.com\/index.php\/sculpture-sur-pierre-jerome-barreau-andernos-les-bains\/","name":"Sculptures sur pierre - J\u00e9r\u00f4me Barreau - Sculptures sur pierre","isPartOf":{"@id":"https:\/\/jerome-barreau-sculpteur.com\/#website"},"primaryImageOfPage":{"@id":"https:\/\/jerome-barreau-sculpteur.com\/index.php\/sculpture-sur-pierre-jerome-barreau-andernos-les-bains\/#primaryimage"},"image":{"@id":"https:\/\/jerome-barreau-sculpteur.com\/index.php\/sculpture-sur-pierre-jerome-barreau-andernos-les-bains\/#primaryimage"},"thumbnailUrl":"https:\/\/jerome-barreau-sculpteur.com\/wp-content\/uploads\/2020\/03\/Blues-1024x1024.jpg","datePublished":"2020-03-20T09:49:18+00:00","dateModified":"2020-11-11T17:08:04+00:00","description":"Cliquez ici et d\u00e9couvrez les sculptures sur pierre de J\u00e9r\u00f4me Barreau artiste \u00e0 Andernos-les-bains - J\u00e9r\u00f4me Barreau - Sculptures sur pierre","breadcrumb":{"@id":"https:\/\/jerome-barreau-sculpteur.com\/index.php\/sculpture-sur-pierre-jerome-barreau-andernos-les-bains\/#breadcrumb"},"inLanguage":"fr-FR","potentialAction":[{"@type":"ReadAction","target":["https:\/\/jerome-barreau-sculpteur.com\/index.php\/sculpture-sur-pierre-jerome-barreau-andernos-les-bains\/"]}]},{"@type":"ImageObject","inLanguage":"fr-FR","@id":"https:\/\/jerome-barreau-sculpteur.com\/index.php\/sculpture-sur-pierre-jerome-barreau-andernos-les-bains\/#primaryimage","url":"https:\/\/jerome-barreau-sculpteur.com\/wp-content\/uploads\/2020\/03\/Blues-scaled.jpg","contentUrl":"https:\/\/jerome-barreau-sculpteur.com\/wp-content\/uploads\/2020\/03\/Blues-scaled.jpg","width":2560,"height":2560},{"@type":"BreadcrumbList","@id":"https:\/\/jerome-barreau-sculpteur.com\/index.php\/sculpture-sur-pierre-jerome-barreau-andernos-les-bains\/#breadcrumb","itemListElement":[{"@type":"ListItem","position":1,"name":"Accueil","item":"https:\/\/jerome-barreau-sculpteur.com\/"},{"@type":"ListItem","position":2,"name":"Sculptures sur pierre"}]},{"@type":"WebSite","@id":"https:\/\/jerome-barreau-sculpteur.com\/#website","url":"https:\/\/jerome-barreau-sculpteur.com\/","name":"J\u00e9r\u00f4me Barreau","description":"Artiste Sculpteur Peintre","publisher":{"@id":"https:\/\/jerome-barreau-sculpteur.com\/#\/schema\/person\/a419fb6a8497aa7b52150dadb6a00532"},"potentialAction":[{"@type":"SearchAction","target":{"@type":"EntryPoint","urlTemplate":"https:\/\/jerome-barreau-sculpteur.com\/?s={search_term_string}"},"query-input":{"@type":"PropertyValueSpecification","valueRequired":true,"valueName":"search_term_string"}}],"inLanguage":"fr-FR"},{"@type":["Person","Organization"],"@id":"https:\/\/jerome-barreau-sculpteur.com\/#\/schema\/person\/a419fb6a8497aa7b52150dadb6a00532","name":"jeromebarreau","image":{"@type":"ImageObject","inLanguage":"fr-FR","@id":"https:\/\/secure.gravatar.com\/avatar\/8d421770de929efff14be286bf2a9a5616cc49ba39bd1501da726a137cfeff9f?s=96&d=mm&r=g","url":"https:\/\/secure.gravatar.com\/avatar\/8d421770de929efff14be286bf2a9a5616cc49ba39bd1501da726a137cfeff9f?s=96&d=mm&r=g","contentUrl":"https:\/\/secure.gravatar.com\/avatar\/8d421770de929efff14be286bf2a9a5616cc49ba39bd1501da726a137cfeff9f?s=96&d=mm&r=g","caption":"jeromebarreau"},"logo":{"@id":"https:\/\/secure.gravatar.com\/avatar\/8d421770de929efff14be286bf2a9a5616cc49ba39bd1501da726a137cfeff9f?s=96&d=mm&r=g"}}]}},"_links":{"self":[{"href":"https:\/\/jerome-barreau-sculpteur.com\/index.php\/wp-json\/wp\/v2\/pages\/118","targetHints":{"allow":["GET"]}}],"collection":[{"href":"https:\/\/jerome-barreau-sculpteur.com\/index.php\/wp-json\/wp\/v2\/pages"}],"about":[{"href":"https:\/\/jerome-barreau-sculpteur.com\/index.php\/wp-json\/wp\/v2\/types\/page"}],"author":[{"embeddable":true,"href":"https:\/\/jerome-barreau-sculpteur.com\/index.php\/wp-json\/wp\/v2\/users\/1"}],"replies":[{"embeddable":true,"href":"https:\/\/jerome-barreau-sculpteur.com\/index.php\/wp-json\/wp\/v2\/comments?post=118"}],"version-history":[{"count":9,"href":"https:\/\/jerome-barreau-sculpteur.com\/index.php\/wp-json\/wp\/v2\/pages\/118\/revisions"}],"predecessor-version":[{"id":434,"href":"https:\/\/jerome-barreau-sculpteur.com\/index.php\/wp-json\/wp\/v2\/pages\/118\/revisions\/434"}],"wp:attachment":[{"href":"https:\/\/jerome-barreau-sculpteur.com\/index.php\/wp-json\/wp\/v2\/media?parent=118"}],"curies":[{"name":"wp","href":"https:\/\/api.w.org\/{rel}","templated":true}]}}